{"id":807,"date":"2024-12-06T19:37:29","date_gmt":"2024-12-06T19:37:29","guid":{"rendered":"https:\/\/gentlegesture.com\/?post_type=product&#038;p=807"},"modified":"2026-03-13T09:53:40","modified_gmt":"2026-03-13T09:53:40","slug":"nejpohodlnejsi-leginy","status":"publish","type":"product","link":"https:\/\/gentlegesture.com\/en\/product\/nejpohodlnejsi-leginy\/","title":{"rendered":"Soft unisex Leggings"},"content":{"rendered":"<p>St\u0159ih leg\u00edn je navr\u017een k no\u0161en\u00ed samostatn\u011b nebo jako ochrann\u00e1 vrstva p\u0159ed hrub\u00fdm materi\u00e1lem kalhot. Jsou vyrobeny z jemn\u00e9 bambusov\u00e9 visk\u00f3zy s vysok\u00fdm pasem a otvorem pro patu.<\/p>","protected":false},"excerpt":{"rendered":"<p>St\u0159ih leg\u00edn je navr\u017een k no\u0161en\u00ed samostatn\u011b nebo jako ochrann\u00e1 vrstva p\u0159ed hrub\u00fdm materi\u00e1lem kalhot. Jsou vyrobeny z jemn\u00e9 bambusov\u00e9 visk\u00f3zy s vysok\u00fdm pasem a otvorem pro patu.<\/p>","protected":false},"featured_media":871,"template":"","meta":{"_acf_changed":false,"inline_featured_image":false},"product_brand":[],"product_cat":[46,47],"product_tag":[],"class_list":{"0":"post-807","1":"product","2":"type-product","3":"status-publish","4":"has-post-thumbnail","6":"product_cat-leginy","7":"product_cat-leginy-zeny","9":"first","10":"instock","11":"taxable","12":"shipping-taxable","13":"purchasable","14":"product-type-variable"},"acf":[],"_links":{"self":[{"href":"https:\/\/gentlegesture.com\/en\/wp-json\/wp\/v2\/product\/807","targetHints":{"allow":["GET"]}}],"collection":[{"href":"https:\/\/gentlegesture.com\/en\/wp-json\/wp\/v2\/product"}],"about":[{"href":"https:\/\/gentlegesture.com\/en\/wp-json\/wp\/v2\/types\/product"}],"wp:featuredmedia":[{"embeddable":true,"href":"https:\/\/gentlegesture.com\/en\/wp-json\/wp\/v2\/media\/871"}],"wp:attachment":[{"href":"https:\/\/gentlegesture.com\/en\/wp-json\/wp\/v2\/media?parent=807"}],"wp:term":[{"taxonomy":"product_brand","embeddable":true,"href":"https:\/\/gentlegesture.com\/en\/wp-json\/wp\/v2\/product_brand?post=807"},{"taxonomy":"product_cat","embeddable":true,"href":"https:\/\/gentlegesture.com\/en\/wp-json\/wp\/v2\/product_cat?post=807"},{"taxonomy":"product_tag","embeddable":true,"href":"https:\/\/gentlegesture.com\/en\/wp-json\/wp\/v2\/product_tag?post=807"}],"curies":[{"name":"wp","href":"https:\/\/api.w.org\/{rel}","templated":true}]}}