{"id":710,"date":"2024-11-17T21:01:36","date_gmt":"2024-11-17T21:01:36","guid":{"rendered":"https:\/\/gentlegesture.com\/?post_type=product&#038;p=710"},"modified":"2026-03-20T18:24:56","modified_gmt":"2026-03-20T18:24:56","slug":"tricko-s-kratkym-rukavem-atop-zivot","status":"publish","type":"product","link":"https:\/\/gentlegesture.com\/en\/product\/tricko-s-kratkym-rukavem-atop-zivot\/","title":{"rendered":"(A)top \u017eivot T-shirt"},"content":{"rendered":"<p>The pink T-shirt was created in collaboration with the founder of the <span style=\"color: #ed7d8a;\">(A)top \u017eivot<\/span>project Inka Teschinsk\u00e1, who raises awareness about atopic eczema. The text on the front reads \u201ctell me one more time, DON\u2019T SCRATCH\u2026\u201d.\nIt gives courage to everyone who struggles with eczema and faces inappropriate remarks from others. <strong>Gentle Gesture x (A)top \u017eivot<\/strong> are here to support both a good feeling on the body and confidence inside everyone with sensitive skin. More in our <span style=\"color: #ed7d8a;\"><a style=\"color: #ed7d8a;\" href=\"https:\/\/gentlegesture.com\/en\/mam-ekzem-co-je-tvoje-superschopnost\/\">interview<\/a><\/span>.<\/p>","protected":false},"excerpt":{"rendered":"<p>Tri\u010dko v r\u016f\u017eov\u00e9 barv\u011b vzniklo ve spolupr\u00e1ci se zakladatelkou projektu (A)top \u017eivot, Inkou Teschinskou, kter\u00e1 \u0161\u00ed\u0159\u00ed osv\u011btu o atopick\u00e9m ekz\u00e9mu. N\u00e1pis na p\u0159edn\u00ed stran\u011b \u201eje\u0161t\u011b jednou mi \u0159ekni, NE\u0160KR\u00c1BEJ SE\u2026\u201c dod\u00e1v\u00e1 odvahu v\u0161em, kdo se pot\u00fdkaj\u00ed s ekz\u00e9mem a \u010del\u00ed nevhodn\u00fdm pozn\u00e1mk\u00e1m okol\u00ed. Gentle Gesture x (A)top \u017eivot jsou tu, aby podpo\u0159ily dobr\u00fd pocit na [&hellip;]<\/p>\n","protected":false},"featured_media":988,"template":"","meta":{"_acf_changed":false,"inline_featured_image":false},"product_brand":[],"product_cat":[20,19],"product_tag":[],"class_list":{"0":"post-710","1":"product","2":"type-product","3":"status-publish","4":"has-post-thumbnail","6":"product_cat-damskatricka","7":"product_cat-zeny","9":"first","10":"instock","11":"taxable","12":"shipping-taxable","13":"purchasable","14":"product-type-variable","15":"has-default-attributes"},"acf":[],"_links":{"self":[{"href":"https:\/\/gentlegesture.com\/en\/wp-json\/wp\/v2\/product\/710","targetHints":{"allow":["GET"]}}],"collection":[{"href":"https:\/\/gentlegesture.com\/en\/wp-json\/wp\/v2\/product"}],"about":[{"href":"https:\/\/gentlegesture.com\/en\/wp-json\/wp\/v2\/types\/product"}],"wp:featuredmedia":[{"embeddable":true,"href":"https:\/\/gentlegesture.com\/en\/wp-json\/wp\/v2\/media\/988"}],"wp:attachment":[{"href":"https:\/\/gentlegesture.com\/en\/wp-json\/wp\/v2\/media?parent=710"}],"wp:term":[{"taxonomy":"product_brand","embeddable":true,"href":"https:\/\/gentlegesture.com\/en\/wp-json\/wp\/v2\/product_brand?post=710"},{"taxonomy":"product_cat","embeddable":true,"href":"https:\/\/gentlegesture.com\/en\/wp-json\/wp\/v2\/product_cat?post=710"},{"taxonomy":"product_tag","embeddable":true,"href":"https:\/\/gentlegesture.com\/en\/wp-json\/wp\/v2\/product_tag?post=710"}],"curies":[{"name":"wp","href":"https:\/\/api.w.org\/{rel}","templated":true}]}}