{"id":34,"date":"2023-08-18T20:48:39","date_gmt":"2023-08-18T20:48:39","guid":{"rendered":"https:\/\/even-sleep.localsite.io\/?post_type=product&#038;p=34"},"modified":"2026-03-09T17:48:16","modified_gmt":"2026-03-09T17:48:16","slug":"pansky-raglanovy-rukav","status":"publish","type":"product","link":"https:\/\/gentlegesture.com\/en\/product\/pansky-raglanovy-rukav\/","title":{"rendered":"Men's slim fit T-shirt"},"content":{"rendered":"<p>We designed the raglan sleeve cut so you can wear the T-shirt on its own or as a base layer\u2014for example, under a shirt. To prevent the sleeve from rubbing against sensitive skin, we finished it with a thumbhole. This helps reduce the urge to scratch while also protecting the back of your hand. The T-shirt has an extended length, because we know just how uncomfortable it can be when a zipper or trouser button presses into the skin and causes irritation.<\/p>","protected":false},"excerpt":{"rendered":"<p>Ragl\u00e1nov\u00fd st\u0159ih ruk\u00e1vu jsme vytvo\u0159ili tak, abyste tri\u010dko mohli nosit samostatn\u011b nebo jako spodn\u00ed vrstvu, nap\u0159\u00edklad pod ko\u0161ili. Aby se v\u00e1m ruk\u00e1v neod\u00edral o citlivou poko\u017eku, zakon\u010dili jsme ho otvorem pro palec. Nebudete tak m\u00edt nutk\u00e1n\u00ed se \u0161kr\u00e1bat a je\u0161t\u011b si ochr\u00e1n\u00edte h\u0159bet ruky. Tri\u010dko m\u00e1 prodlou\u017eenou d\u00e9lku, proto\u017ee sami dob\u0159e v\u00edme, jak nep\u0159\u00edjemn\u00e9 m\u016f\u017ee [&hellip;]<\/p>\n","protected":false},"featured_media":237,"template":"","meta":{"_acf_changed":false,"inline_featured_image":false},"product_brand":[],"product_cat":[18,23],"product_tag":[],"class_list":{"0":"post-34","1":"product","2":"type-product","3":"status-publish","4":"has-post-thumbnail","6":"product_cat-muzi","7":"product_cat-panskatricka","9":"first","10":"instock","11":"taxable","12":"shipping-taxable","13":"purchasable","14":"product-type-variable"},"acf":[],"_links":{"self":[{"href":"https:\/\/gentlegesture.com\/en\/wp-json\/wp\/v2\/product\/34","targetHints":{"allow":["GET"]}}],"collection":[{"href":"https:\/\/gentlegesture.com\/en\/wp-json\/wp\/v2\/product"}],"about":[{"href":"https:\/\/gentlegesture.com\/en\/wp-json\/wp\/v2\/types\/product"}],"wp:featuredmedia":[{"embeddable":true,"href":"https:\/\/gentlegesture.com\/en\/wp-json\/wp\/v2\/media\/237"}],"wp:attachment":[{"href":"https:\/\/gentlegesture.com\/en\/wp-json\/wp\/v2\/media?parent=34"}],"wp:term":[{"taxonomy":"product_brand","embeddable":true,"href":"https:\/\/gentlegesture.com\/en\/wp-json\/wp\/v2\/product_brand?post=34"},{"taxonomy":"product_cat","embeddable":true,"href":"https:\/\/gentlegesture.com\/en\/wp-json\/wp\/v2\/product_cat?post=34"},{"taxonomy":"product_tag","embeddable":true,"href":"https:\/\/gentlegesture.com\/en\/wp-json\/wp\/v2\/product_tag?post=34"}],"curies":[{"name":"wp","href":"https:\/\/api.w.org\/{rel}","templated":true}]}}